{"id":26119,"date":"2020-08-16T20:22:24","date_gmt":"2020-08-16T18:22:24","guid":{"rendered":"https:\/\/superetti.com\/wordpress\/?page_id=26119"},"modified":"2020-09-02T08:06:29","modified_gmt":"2020-09-02T06:06:29","slug":"livraison","status":"publish","type":"page","link":"https:\/\/superetti.com\/?page_id=26119","title":{"rendered":"Livraison"},"content":{"rendered":"\t\t<div data-elementor-type=\"wp-page\" data-elementor-id=\"26119\" class=\"elementor elementor-26119\">\n\t\t\t\t\t\t<section class=\"wd-negative-gap elementor-section elementor-top-section elementor-element elementor-element-a91870f elementor-section-boxed elementor-section-height-default elementor-section-height-default\" data-id=\"a91870f\" data-element_type=\"section\" data-e-type=\"section\">\n\t\t\t\t\t\t<div class=\"elementor-container elementor-column-gap-default\">\n\t\t\t\t\t<div class=\"elementor-column elementor-col-50 elementor-top-column elementor-element elementor-element-7cafc9e\" data-id=\"7cafc9e\" data-element_type=\"column\" data-e-type=\"column\">\n\t\t\t<div class=\"elementor-widget-wrap elementor-element-populated\">\n\t\t\t\t\t\t<div class=\"elementor-element elementor-element-1f060c7 wd-width-100 elementor-widget elementor-widget-wd_title\" data-id=\"1f060c7\" data-element_type=\"widget\" data-e-type=\"widget\" data-widget_type=\"wd_title.default\">\n\t\t\t\t<div class=\"elementor-widget-container\">\n\t\t\t\t\t\t\t<div class=\"title-wrapper wd-set-mb reset-last-child wd-title-color-primary wd-title-style-bordered wd-title-size-default text-center\">\n\n\t\t\t\t\t\t\t\t\t\t\t<div class=\"title-subtitle subtitle-color-primary subtitle-style-default wd-fontsize-xs\">\n\t\t\t\t\tExp\u00e9dition de votre colis\t\t\t\t<\/div>\n\t\t\t\n\t\t\t<div class=\"liner-continer\">\n\t\t\t\t<h4 class=\"woodmart-title-container title wd-fontsize-l\">Exp\u00e9ditions et retours<\/h4> \n\t\t\t\t\t\t\t<\/div>\n\n\t\t\t\t\t\t\t<div class=\"title-after_title reset-last-child wd-fontsize-xs\">\n\t\t\t\t\tLes colis sont g\u00e9n\u00e9ralement exp\u00e9di\u00e9s dans un d\u00e9lai de 2 jours apr\u00e8s r\u00e9ception du paiement. Ils sont exp\u00e9di\u00e9s via UPS avec un num\u00e9ro de suivi et remis sans signature. Les colis peuvent \u00e9galement \u00eatre exp\u00e9di\u00e9s via UPS Extra et remis contre signature. Veuillez nous contacter avant de choisir ce mode de livraison, car il induit des frais suppl\u00e9mentaires. Quel que soit le mode de livraison choisi, nous vous envoyons un lien pour suivre votre colis en ligne.<br \/>\n<br \/>\nLes frais d'exp\u00e9dition incluent les frais de pr\u00e9paration et d'emballage ainsi que les frais de port. Les frais de pr\u00e9paration sont fixes, tandis que les frais de transport varient selon le poids total du colis. Nous vous recommandons de regrouper tous vos articles dans une seule commande. Nous ne pouvons regrouper deux commandes plac\u00e9es s\u00e9par\u00e9ment et des frais d'exp\u00e9dition s'appliquent \u00e0 chacune d'entre elles. Votre colis est exp\u00e9di\u00e9 \u00e0 vos propres risques, mais une attention particuli\u00e8re est port\u00e9e aux objets fragiles.<br \/>\n<br \/>\nLes dimensions des bo\u00eetes sont appropri\u00e9es et vos articles sont correctement prot\u00e9g\u00e9s.\t\t\t\t<\/div>\n\t\t\t\t\t<\/div>\n\t\t\t\t\t\t<\/div>\n\t\t\t\t<\/div>\n\t\t\t\t\t<\/div>\n\t\t<\/div>\n\t\t\t\t<div class=\"elementor-column elementor-col-50 elementor-top-column elementor-element elementor-element-2e1683f\" data-id=\"2e1683f\" data-element_type=\"column\" data-e-type=\"column\">\n\t\t\t<div class=\"elementor-widget-wrap elementor-element-populated\">\n\t\t\t\t\t\t<div class=\"elementor-element elementor-element-914a078 elementor-widget elementor-widget-image\" data-id=\"914a078\" data-element_type=\"widget\" data-e-type=\"widget\" data-widget_type=\"image.default\">\n\t\t\t\t<div class=\"elementor-widget-container\">\n\t\t\t\t\t\t\t\t\t\t\t\t\t\t\t<img loading=\"lazy\" decoding=\"async\" width=\"1024\" height=\"826\" src=\"https:\/\/superetti.com\/wp-content\/uploads\/2020\/08\/slider1-1-1024x826.png\" class=\"attachment-large size-large wp-image-43184\" alt=\"livraison-dans-la-journ\u00e9e\" srcset=\"https:\/\/superetti.com\/wp-content\/uploads\/2020\/08\/slider1-1-1024x826.png 1024w, https:\/\/superetti.com\/wp-content\/uploads\/2020\/08\/slider1-1-300x242.png 300w, https:\/\/superetti.com\/wp-content\/uploads\/2020\/08\/slider1-1-768x620.png 768w, https:\/\/superetti.com\/wp-content\/uploads\/2020\/08\/slider1-1-600x484.png 600w, https:\/\/superetti.com\/wp-content\/uploads\/2020\/08\/slider1-1.png 1078w\" sizes=\"auto, (max-width: 1024px) 100vw, 1024px\" \/>\t\t\t\t\t\t\t\t\t\t\t\t\t\t\t<\/div>\n\t\t\t\t<\/div>\n\t\t\t\t\t<\/div>\n\t\t<\/div>\n\t\t\t\t\t<\/div>\n\t\t<\/section>\n\t\t\t\t<\/div>\n\t\t","protected":false},"excerpt":{"rendered":"<p>Exp\u00e9dition de votre colis Exp\u00e9ditions et retours Les colis sont g\u00e9n\u00e9ralement exp\u00e9di\u00e9s dans un d\u00e9lai de 2 jours apr\u00e8s r\u00e9ception<\/p>\n","protected":false},"author":1,"featured_media":0,"parent":0,"menu_order":0,"comment_status":"closed","ping_status":"closed","template":"","meta":{"footnotes":""},"class_list":["post-26119","page","type-page","status-publish","hentry"],"_links":{"self":[{"href":"https:\/\/superetti.com\/index.php?rest_route=\/wp\/v2\/pages\/26119","targetHints":{"allow":["GET"]}}],"collection":[{"href":"https:\/\/superetti.com\/index.php?rest_route=\/wp\/v2\/pages"}],"about":[{"href":"https:\/\/superetti.com\/index.php?rest_route=\/wp\/v2\/types\/page"}],"author":[{"embeddable":true,"href":"https:\/\/superetti.com\/index.php?rest_route=\/wp\/v2\/users\/1"}],"replies":[{"embeddable":true,"href":"https:\/\/superetti.com\/index.php?rest_route=%2Fwp%2Fv2%2Fcomments&post=26119"}],"version-history":[{"count":6,"href":"https:\/\/superetti.com\/index.php?rest_route=\/wp\/v2\/pages\/26119\/revisions"}],"predecessor-version":[{"id":43307,"href":"https:\/\/superetti.com\/index.php?rest_route=\/wp\/v2\/pages\/26119\/revisions\/43307"}],"wp:attachment":[{"href":"https:\/\/superetti.com\/index.php?rest_route=%2Fwp%2Fv2%2Fmedia&parent=26119"}],"curies":[{"name":"wp","href":"https:\/\/api.w.org\/{rel}","templated":true}]}}