{"id":3,"date":"2020-08-11T20:21:36","date_gmt":"2020-08-11T18:21:36","guid":{"rendered":"https:\/\/superetti.com\/wordpress\/?page_id=3"},"modified":"2023-02-15T15:03:30","modified_gmt":"2023-02-15T14:03:30","slug":"politique-de-confidentialite","status":"publish","type":"page","link":"https:\/\/superetti.com\/?page_id=3","title":{"rendered":"Politique de confidentialit\u00e92"},"content":{"rendered":"\n<h2 class=\"wp-block-heading\">Qui sommes-nous\u00a0 ?<\/h2>\n\n\n\n<p><strong>Superetti<\/strong>\u00a0est un\u00a0<em><strong>supermarch\u00e9\u00a0<\/strong><\/em>qui propose<em><strong>\u00a0un service de commande en ligne\u00a0<\/strong><\/em>et<em><strong>\u00a0de livraison \u00e0 domicile\u00a0<\/strong><\/em>de vos<em><strong>\u00a0achats<\/strong><\/em>\u00a0sur\u00a0<em><strong>Alger<\/strong><\/em>.<br>Nous proposons un vaste choix de\u00a0<strong><em>produits<\/em>\u00a0<em>alimentaires<\/em><\/strong>,\u00a0<em><strong>d\u2019entretien<\/strong><\/em>\u00a0et de\u00a0<em><strong>beaut\u00e9<\/strong><\/em>\u00a0qu\u2019en magasin , ainsi que des produits frais tels que les\u00a0<strong><em>fruits &amp; l\u00e9gumes et les<\/em>\u00a0<em>viandes<\/em><\/strong>\u00a0et cela, au\u00a0<em><strong>m\u00eame\u00a0prix\u00a0<\/strong><\/em>qu&#8217;en magasin.Avantages :\u00a0<\/p>\n\n\n\n<p>1. Large choix de produits et de marques, comparaison des prix et quantification de vos achats selon vos besoins<\/p>\n\n\n\n<p>2. Les m\u00eames prix en magasin<\/p>\n\n\n\n<p>3. Choisir les horaires de livraisons qui vous conviennent<\/p>\n\n\n\n<p>4. Payer \u00e0 la livraison<\/p>\n\n\n\n<h2 class=\"wp-block-heading\">Utilisation des donn\u00e9es personnelles collect\u00e9es<\/h2>\n\n\n\n<h3 class=\"wp-block-heading\">Commentaires<\/h3>\n\n\n\n<p>Quand vous laissez un commentaire sur notre site web, les donn\u00e9es inscrites dans le formulaire de commentaire, et l\u2019agent utilisateur de votre navigateur sont collect\u00e9s pour nous aider \u00e0 la d\u00e9tection des commentaires ind\u00e9sirables.<\/p>\n\n\n\n<p>Une cha\u00eene anonymis\u00e9e cr\u00e9\u00e9e \u00e0 partir de votre adresse de messagerie (\u00e9galement appel\u00e9e hash) peut \u00eatre envoy\u00e9e au service Gravatar pour v\u00e9rifier si vous utilisez ce dernier. Les clauses de confidentialit\u00e9 du service Gravatar sont disponibles ici&nbsp;: https:\/\/automattic.com\/privacy\/. Apr\u00e8s validation de votre commentaire, votre photo de profil sera visible publiquement \u00e0 cot\u00e9 de votre commentaire.<\/p>\n\n\n\n<h3 class=\"wp-block-heading\">Formulaires de contact<\/h3>\n\n\n\n<h3 class=\"wp-block-heading\">Cookies<\/h3>\n\n\n\n<p>le site web https:\/\/superetti.com\/ n&#8217;utilise pas de cookies .<\/p>\n\n\n\n<h3 class=\"wp-block-heading\">Contenu embarqu\u00e9 depuis d\u2019autres sites<\/h3>\n\n\n\n<p>Les articles de ce site peuvent inclure des contenus int\u00e9gr\u00e9s (par exemple des vid\u00e9os, images, articles\u2026). Le contenu int\u00e9gr\u00e9 depuis d\u2019autres sites se comporte de la m\u00eame mani\u00e8re que si le visiteur se rendait sur cet autre site.<\/p>\n\n\n\n<h2 class=\"wp-block-heading\">Utilisation et transmission de vos donn\u00e9es personnelles<\/h2>\n\n\n\n<h2 class=\"wp-block-heading\">Dur\u00e9es de stockage de vos donn\u00e9es<\/h2>\n\n\n\n<p>Si vous laissez un commentaire, le commentaire et ses m\u00e9tadonn\u00e9es sont conserv\u00e9s ind\u00e9finiment. Cela permet de reconna\u00eetre et approuver automatiquement les commentaires suivants au lieu de les laisser dans la file de mod\u00e9ration.<\/p>\n\n\n\n<p>Pour les utilisateurs et utilisatrices qui s\u2019inscrivent sur notre site (si cela est possible), nous stockons \u00e9galement les donn\u00e9es personnelles indiqu\u00e9es dans leur profil. Tous les utilisateurs et utilisatrices peuvent voir, modifier ou supprimer leurs informations personnelles \u00e0 tout moment (\u00e0 l\u2019exception de leur nom d\u2019utilisateur\u00b7ice). Les gestionnaires du site peuvent aussi voir et modifier ces informations.<\/p>\n\n\n\n<h2 class=\"wp-block-heading\">Les droits que vous avez sur vos donn\u00e9es<\/h2>\n\n\n\n<p>Si vous avez un compte ou si vous avez laiss\u00e9 des commentaires sur le site,  Vous pouvez \u00e9galement demander la suppression des donn\u00e9es personnelles vous concernant. Cela ne prend pas en compte les donn\u00e9es stock\u00e9es \u00e0 des fins administratives, l\u00e9gales ou pour des raisons de s\u00e9curit\u00e9.<\/p>\n\n\n\n<h2 class=\"wp-block-heading\">Transmission de vos donn\u00e9es personnelles<\/h2>\n\n\n\n<p>Les commentaires des visiteurs peuvent \u00eatre v\u00e9rifi\u00e9s \u00e0 l\u2019aide d\u2019un service automatis\u00e9 de d\u00e9tection des commentaires ind\u00e9sirables.<\/p>\n\n\n\n<h2 class=\"wp-block-heading\">Informations de contact<\/h2>\n\n\n\n<h2 class=\"wp-block-heading\">Informations suppl\u00e9mentaires<\/h2>\n\n\n\n<h3 class=\"wp-block-heading\">Comment nous prot\u00e9geons vos donn\u00e9es<\/h3>\n\n\n\n<h3 class=\"wp-block-heading\">Proc\u00e9dures mises en \u0153uvre en cas de fuite de donn\u00e9es<\/h3>\n\n\n\n<h3 class=\"wp-block-heading\">Les services tiers qui nous transmettent des donn\u00e9es<\/h3>\n\n\n\n<h3 class=\"wp-block-heading\">Op\u00e9rations de marketing automatis\u00e9 et\/ou de profilage r\u00e9alis\u00e9es \u00e0 l\u2019aide des donn\u00e9es personnelles<\/h3>\n\n\n\n<h3 class=\"wp-block-heading\">Affichage des informations li\u00e9es aux secteurs soumis \u00e0 des r\u00e9gulations sp\u00e9cifiques<\/h3>\n\n\n\n<p><\/p>\n","protected":false},"excerpt":{"rendered":"<p>Qui sommes-nous\u00a0 ? Superetti\u00a0est un\u00a0supermarch\u00e9\u00a0qui propose\u00a0un service de commande en ligne\u00a0et\u00a0de livraison \u00e0 domicile\u00a0de vos\u00a0achats\u00a0sur\u00a0Alger.Nous proposons un vaste choix de\u00a0produits\u00a0alimentaires,\u00a0d\u2019entretien\u00a0et<\/p>\n","protected":false},"author":1,"featured_media":0,"parent":0,"menu_order":0,"comment_status":"closed","ping_status":"closed","template":"","meta":{"footnotes":""},"class_list":["post-3","page","type-page","status-publish","hentry"],"_links":{"self":[{"href":"https:\/\/superetti.com\/index.php?rest_route=\/wp\/v2\/pages\/3","targetHints":{"allow":["GET"]}}],"collection":[{"href":"https:\/\/superetti.com\/index.php?rest_route=\/wp\/v2\/pages"}],"about":[{"href":"https:\/\/superetti.com\/index.php?rest_route=\/wp\/v2\/types\/page"}],"author":[{"embeddable":true,"href":"https:\/\/superetti.com\/index.php?rest_route=\/wp\/v2\/users\/1"}],"replies":[{"embeddable":true,"href":"https:\/\/superetti.com\/index.php?rest_route=%2Fwp%2Fv2%2Fcomments&post=3"}],"version-history":[{"count":4,"href":"https:\/\/superetti.com\/index.php?rest_route=\/wp\/v2\/pages\/3\/revisions"}],"predecessor-version":[{"id":80007,"href":"https:\/\/superetti.com\/index.php?rest_route=\/wp\/v2\/pages\/3\/revisions\/80007"}],"wp:attachment":[{"href":"https:\/\/superetti.com\/index.php?rest_route=%2Fwp%2Fv2%2Fmedia&parent=3"}],"curies":[{"name":"wp","href":"https:\/\/api.w.org\/{rel}","templated":true}]}}