{"id":996,"date":"2017-09-22T13:16:43","date_gmt":"2017-09-22T13:16:43","guid":{"rendered":"https:\/\/dummy.xtemos.com\/woodmart-elementor\/demos\/?page_id=996"},"modified":"2020-09-21T10:46:27","modified_gmt":"2020-09-21T08:46:27","slug":"comment-ca-marche","status":"publish","type":"page","link":"https:\/\/superetti.com\/?page_id=996","title":{"rendered":"Comment \u00e7a marche"},"content":{"rendered":"\t\t<div data-elementor-type=\"wp-page\" data-elementor-id=\"996\" class=\"elementor elementor-996\">\n\t\t\t\t\t\t<section class=\"wd-negative-gap elementor-section elementor-top-section elementor-element elementor-element-34686b3 elementor-section-boxed elementor-section-height-default elementor-section-height-default\" data-id=\"34686b3\" data-element_type=\"section\" data-e-type=\"section\">\n\t\t\t\t\t\t<div class=\"elementor-container elementor-column-gap-default\">\n\t\t\t\t\t<div class=\"elementor-column elementor-col-100 elementor-top-column elementor-element elementor-element-fd15dca\" data-id=\"fd15dca\" data-element_type=\"column\" data-e-type=\"column\">\n\t\t\t<div class=\"elementor-widget-wrap elementor-element-populated\">\n\t\t\t\t\t\t<section class=\"wd-negative-gap elementor-section elementor-inner-section elementor-element elementor-element-7f4fd8a elementor-section-boxed elementor-section-height-default elementor-section-height-default\" data-id=\"7f4fd8a\" data-element_type=\"section\" data-e-type=\"section\">\n\t\t\t\t\t\t<div class=\"elementor-container elementor-column-gap-default\">\n\t\t\t\t\t<div class=\"elementor-column elementor-col-50 elementor-inner-column elementor-element elementor-element-b49a843\" data-id=\"b49a843\" data-element_type=\"column\" data-e-type=\"column\">\n\t\t\t<div class=\"elementor-widget-wrap elementor-element-populated\">\n\t\t\t\t\t\t<div class=\"elementor-element elementor-element-845cc99 elementor-widget elementor-widget-heading\" data-id=\"845cc99\" data-element_type=\"widget\" data-e-type=\"widget\" data-widget_type=\"heading.default\">\n\t\t\t\t<div class=\"elementor-widget-container\">\n\t\t\t\t\t<p class=\"elementor-heading-title elementor-size-xl\">Comment \u00e7a marche? <\/p>\t\t\t\t<\/div>\n\t\t\t\t<\/div>\n\t\t\t\t<div class=\"elementor-element elementor-element-2143f1d wd-width-100 elementor-widget elementor-widget-wd_title\" data-id=\"2143f1d\" data-element_type=\"widget\" data-e-type=\"widget\" data-widget_type=\"wd_title.default\">\n\t\t\t\t<div class=\"elementor-widget-container\">\n\t\t\t\t\t\t\t<div class=\"title-wrapper wd-set-mb reset-last-child wd-title-color-default wd-title-style-default wd-title-size-default text-left\">\n\n\t\t\t\n\t\t\t<div class=\"liner-continer\">\n\t\t\t\t<h4 class=\"woodmart-title-container title wd-fontsize-l\"><\/h4> \n\t\t\t\t\t\t\t<\/div>\n\n\t\t\t\t\t\t\t<div class=\"title-after_title reset-last-child wd-fontsize-xs\">\n\t\t\t\t\t<p>1. Commandez vos produits en ligne.<br \/>2. S\u00e9lectionnez les horaires qui vous conviennent pour la r\u00e9ception de vos achats.<br \/>3. Payez \u00e0 la livraison.<\/p><p>Faites vos courses chez\u00a0 <strong>Superreti<\/strong>, nous sommes des professionnels en gestion d\u2019approvisionnement alimentaire, vous pourrez ainsi consacrer davantage de temps et d\u2019\u00e9nergie aux choses importantes de la vie.<\/p><p><strong>Livraison petit d\u00e9jeuner \u00e0 domicile<\/strong><\/p><p>Nous proposons les meilleurs produits pour votre petit-d\u00e9jeuner, des croissants et diff\u00e9rentes viennoiseries faits avec amour par des artisans locaux et qui plus est sont livr\u00e9s chez vous.<\/p>\t\t\t\t<\/div>\n\t\t\t\t\t<\/div>\n\t\t\t\t\t\t<\/div>\n\t\t\t\t<\/div>\n\t\t\t\t\t<\/div>\n\t\t<\/div>\n\t\t\t\t<div class=\"elementor-column elementor-col-50 elementor-inner-column elementor-element elementor-element-78fc656\" data-id=\"78fc656\" data-element_type=\"column\" data-e-type=\"column\">\n\t\t\t<div class=\"elementor-widget-wrap elementor-element-populated\">\n\t\t\t\t\t\t<div class=\"elementor-element elementor-element-4f1f362 elementor-widget elementor-widget-image\" data-id=\"4f1f362\" data-element_type=\"widget\" data-e-type=\"widget\" data-widget_type=\"image.default\">\n\t\t\t\t<div class=\"elementor-widget-container\">\n\t\t\t\t\t\t\t\t\t\t\t\t\t\t\t<img loading=\"lazy\" decoding=\"async\" width=\"1024\" height=\"811\" src=\"https:\/\/superetti.com\/wp-content\/uploads\/2020\/09\/Site-Superetti-Slider-2-0709-v1-1024x811.png\" class=\"attachment-large size-large wp-image-43462\" alt=\"Site-Superetti-Slider-2-0709-v1\" srcset=\"https:\/\/superetti.com\/wp-content\/uploads\/2020\/09\/Site-Superetti-Slider-2-0709-v1-1024x811.png 1024w, https:\/\/superetti.com\/wp-content\/uploads\/2020\/09\/Site-Superetti-Slider-2-0709-v1-300x237.png 300w, https:\/\/superetti.com\/wp-content\/uploads\/2020\/09\/Site-Superetti-Slider-2-0709-v1-768x608.png 768w, https:\/\/superetti.com\/wp-content\/uploads\/2020\/09\/Site-Superetti-Slider-2-0709-v1-600x475.png 600w, https:\/\/superetti.com\/wp-content\/uploads\/2020\/09\/Site-Superetti-Slider-2-0709-v1.jpg 1180w\" sizes=\"auto, (max-width: 1024px) 100vw, 1024px\" \/>\t\t\t\t\t\t\t\t\t\t\t\t\t\t\t<\/div>\n\t\t\t\t<\/div>\n\t\t\t\t\t<\/div>\n\t\t<\/div>\n\t\t\t\t\t<\/div>\n\t\t<\/section>\n\t\t\t\t\t<\/div>\n\t\t<\/div>\n\t\t\t\t\t<\/div>\n\t\t<\/section>\n\t\t\t\t<section class=\"wd-negative-gap elementor-section elementor-top-section elementor-element elementor-element-a5619b6 wd-section-stretch elementor-section-boxed elementor-section-height-default elementor-section-height-default\" data-id=\"a5619b6\" data-element_type=\"section\" data-e-type=\"section\">\n\t\t\t\t\t\t<div class=\"elementor-container elementor-column-gap-default\">\n\t\t\t\t\t<div class=\"elementor-column elementor-col-100 elementor-top-column elementor-element elementor-element-eba4bf3\" data-id=\"eba4bf3\" data-element_type=\"column\" data-e-type=\"column\">\n\t\t\t<div class=\"elementor-widget-wrap elementor-element-populated\">\n\t\t\t\t\t\t<div class=\"elementor-element elementor-element-df6a152 elementor-widget elementor-widget-shortcode\" data-id=\"df6a152\" data-element_type=\"widget\" data-e-type=\"widget\" data-widget_type=\"shortcode.default\">\n\t\t\t\t<div class=\"elementor-widget-container\">\n\t\t\t\t\t\t\t<div class=\"elementor-shortcode\"><h3>NEWSLETTER<\/h3>\n<h4>Pour recevoir les nouveaut\u00e9s et promotions de Superetti <\/h4>\n<p>\t\t\t<!-- Mailchimp for WordPress v4.8.1 - https:\/\/wordpress.org\/plugins\/mailchimp-for-wp\/ --><\/p>\n<form id=\"mc4wp-form-3\" method=\"post\" data-id=\"74\" data-name=\"Mailchimp\" >\n<p>\n\t<input style=\"background: #fff\" type=\"email\" name=\"EMAIL\" placeholder=\"Votre adresse email\" required \/>\n<\/p>\n<p>\n\t<input style=\"background: #1b252f; border-radius: 5px\" type=\"submit\" value=\"S'ABONNER\" \/>\n<\/p>\n<p><label style=\"display: none !important;\">Leave this field empty if you're human: <input type=\"text\" name=\"_mc4wp_honeypot\" value=\"\" tabindex=\"-1\" autocomplete=\"off\" \/><\/label><input type=\"hidden\" name=\"_mc4wp_timestamp\" value=\"1599388805\" \/><input type=\"hidden\" name=\"_mc4wp_form_id\" value=\"74\" \/><input type=\"hidden\" name=\"_mc4wp_form_element_id\" value=\"mc4wp-form-3\" \/><\/form>\n<p><!-- \/ Mailchimp for WordPress Plugin --><\/p>\n<\/div>\n\t\t\t\t\t\t<\/div>\n\t\t\t\t<\/div>\n\t\t\t\t\t<\/div>\n\t\t<\/div>\n\t\t\t\t\t<\/div>\n\t\t<\/section>\n\t\t\t\t<\/div>\n\t\t","protected":false},"excerpt":{"rendered":"<p>Comment \u00e7a marche? 1. Commandez vos produits en ligne.2. S\u00e9lectionnez les horaires qui vous conviennent pour la r\u00e9ception de vos<\/p>\n","protected":false},"author":1,"featured_media":0,"parent":0,"menu_order":0,"comment_status":"closed","ping_status":"closed","template":"","meta":{"footnotes":""},"class_list":["post-996","page","type-page","status-publish","hentry"],"_links":{"self":[{"href":"https:\/\/superetti.com\/index.php?rest_route=\/wp\/v2\/pages\/996","targetHints":{"allow":["GET"]}}],"collection":[{"href":"https:\/\/superetti.com\/index.php?rest_route=\/wp\/v2\/pages"}],"about":[{"href":"https:\/\/superetti.com\/index.php?rest_route=\/wp\/v2\/types\/page"}],"author":[{"embeddable":true,"href":"https:\/\/superetti.com\/index.php?rest_route=\/wp\/v2\/users\/1"}],"replies":[{"embeddable":true,"href":"https:\/\/superetti.com\/index.php?rest_route=%2Fwp%2Fv2%2Fcomments&post=996"}],"version-history":[{"count":15,"href":"https:\/\/superetti.com\/index.php?rest_route=\/wp\/v2\/pages\/996\/revisions"}],"predecessor-version":[{"id":43865,"href":"https:\/\/superetti.com\/index.php?rest_route=\/wp\/v2\/pages\/996\/revisions\/43865"}],"wp:attachment":[{"href":"https:\/\/superetti.com\/index.php?rest_route=%2Fwp%2Fv2%2Fmedia&parent=996"}],"curies":[{"name":"wp","href":"https:\/\/api.w.org\/{rel}","templated":true}]}}