{"id":32109,"date":"2020-08-19T15:04:49","date_gmt":"2020-08-19T13:04:49","guid":{"rendered":"https:\/\/superetti.com\/wordpress\/produit\/soummam-creme-legere-500ml\/"},"modified":"2023-01-21T09:26:53","modified_gmt":"2023-01-21T08:26:53","slug":"soummam-creme-legere-500ml","status":"publish","type":"product","link":"https:\/\/superetti.com\/?product=soummam-creme-legere-500ml","title":{"rendered":"Soummam Cr\u00e9me L\u00e9g\u00e9re 500ml"},"content":{"rendered":"","protected":false},"excerpt":{"rendered":"","protected":false},"featured_media":77707,"comment_status":"closed","ping_status":"closed","template":"","meta":[],"product_brand":[],"product_cat":[320,207],"product_tag":[],"class_list":{"0":"post-32109","1":"product","2":"type-product","3":"status-publish","4":"has-post-thumbnail","6":"product_cat-laits","7":"product_cat-produits-laitiers","9":"first","10":"instock","11":"taxable","12":"shipping-taxable","13":"purchasable","14":"product-type-simple"},"_links":{"self":[{"href":"https:\/\/superetti.com\/index.php?rest_route=\/wp\/v2\/product\/32109","targetHints":{"allow":["GET"]}}],"collection":[{"href":"https:\/\/superetti.com\/index.php?rest_route=\/wp\/v2\/product"}],"about":[{"href":"https:\/\/superetti.com\/index.php?rest_route=\/wp\/v2\/types\/product"}],"replies":[{"embeddable":true,"href":"https:\/\/superetti.com\/index.php?rest_route=%2Fwp%2Fv2%2Fcomments&post=32109"}],"version-history":[{"count":1,"href":"https:\/\/superetti.com\/index.php?rest_route=\/wp\/v2\/product\/32109\/revisions"}],"predecessor-version":[{"id":41539,"href":"https:\/\/superetti.com\/index.php?rest_route=\/wp\/v2\/product\/32109\/revisions\/41539"}],"wp:featuredmedia":[{"embeddable":true,"href":"https:\/\/superetti.com\/index.php?rest_route=\/wp\/v2\/media\/77707"}],"wp:attachment":[{"href":"https:\/\/superetti.com\/index.php?rest_route=%2Fwp%2Fv2%2Fmedia&parent=32109"}],"wp:term":[{"taxonomy":"product_brand","embeddable":true,"href":"https:\/\/superetti.com\/index.php?rest_route=%2Fwp%2Fv2%2Fproduct_brand&post=32109"},{"taxonomy":"product_cat","embeddable":true,"href":"https:\/\/superetti.com\/index.php?rest_route=%2Fwp%2Fv2%2Fproduct_cat&post=32109"},{"taxonomy":"product_tag","embeddable":true,"href":"https:\/\/superetti.com\/index.php?rest_route=%2Fwp%2Fv2%2Fproduct_tag&post=32109"}],"curies":[{"name":"wp","href":"https:\/\/api.w.org\/{rel}","templated":true}]}}