{"id":33291,"date":"2020-08-19T15:44:39","date_gmt":"2020-08-19T13:44:39","guid":{"rendered":"https:\/\/superetti.com\/wordpress\/produit\/the-vert-flecha-qualite-classique-200g\/"},"modified":"2023-01-13T10:59:21","modified_gmt":"2023-01-13T09:59:21","slug":"the-vert-flecha-qualite-classique-200g","status":"publish","type":"product","link":"https:\/\/superetti.com\/?product=the-vert-flecha-qualite-classique-200g","title":{"rendered":"Th\u00e9 vert Fl\u00e9cha qualit\u00e9 classique 200g"},"content":{"rendered":"","protected":false},"excerpt":{"rendered":"","protected":false},"featured_media":33290,"comment_status":"closed","ping_status":"closed","template":"","meta":[],"product_brand":[],"product_cat":[204,318],"product_tag":[],"class_list":{"0":"post-33291","1":"product","2":"type-product","3":"status-publish","4":"has-post-thumbnail","6":"product_cat-epicerie-sucree","7":"product_cat-the-cafe-chicore-et-chocolat-poudre-epicerie-sucree","9":"first","10":"instock","11":"taxable","12":"shipping-taxable","13":"purchasable","14":"product-type-simple"},"_links":{"self":[{"href":"https:\/\/superetti.com\/index.php?rest_route=\/wp\/v2\/product\/33291","targetHints":{"allow":["GET"]}}],"collection":[{"href":"https:\/\/superetti.com\/index.php?rest_route=\/wp\/v2\/product"}],"about":[{"href":"https:\/\/superetti.com\/index.php?rest_route=\/wp\/v2\/types\/product"}],"replies":[{"embeddable":true,"href":"https:\/\/superetti.com\/index.php?rest_route=%2Fwp%2Fv2%2Fcomments&post=33291"}],"version-history":[{"count":0,"href":"https:\/\/superetti.com\/index.php?rest_route=\/wp\/v2\/product\/33291\/revisions"}],"wp:featuredmedia":[{"embeddable":true,"href":"https:\/\/superetti.com\/index.php?rest_route=\/wp\/v2\/media\/33290"}],"wp:attachment":[{"href":"https:\/\/superetti.com\/index.php?rest_route=%2Fwp%2Fv2%2Fmedia&parent=33291"}],"wp:term":[{"taxonomy":"product_brand","embeddable":true,"href":"https:\/\/superetti.com\/index.php?rest_route=%2Fwp%2Fv2%2Fproduct_brand&post=33291"},{"taxonomy":"product_cat","embeddable":true,"href":"https:\/\/superetti.com\/index.php?rest_route=%2Fwp%2Fv2%2Fproduct_cat&post=33291"},{"taxonomy":"product_tag","embeddable":true,"href":"https:\/\/superetti.com\/index.php?rest_route=%2Fwp%2Fv2%2Fproduct_tag&post=33291"}],"curies":[{"name":"wp","href":"https:\/\/api.w.org\/{rel}","templated":true}]}}