{"id":38813,"date":"2020-08-19T18:22:25","date_gmt":"2020-08-19T16:22:25","guid":{"rendered":"https:\/\/superetti.com\/wordpress\/produit\/palmary-maxon-vegecao-foure-a-la-creme-caramel-100g\/"},"modified":"2025-03-08T14:55:01","modified_gmt":"2025-03-08T13:55:01","slug":"palmary-maxon-vegecao-foure-a-la-creme-caramel-100g","status":"publish","type":"product","link":"https:\/\/superetti.com\/?product=palmary-maxon-vegecao-foure-a-la-creme-caramel-100g","title":{"rendered":"Palmary Maxon V\u00e9g\u00e9cao Four\u00e9 a la creme Caramel 100g"},"content":{"rendered":"","protected":false},"excerpt":{"rendered":"","protected":false},"featured_media":38812,"comment_status":"closed","ping_status":"closed","template":"","meta":[],"product_brand":[],"product_cat":[334,204],"product_tag":[],"class_list":{"0":"post-38813","1":"product","2":"type-product","3":"status-publish","4":"has-post-thumbnail","6":"product_cat-chocolats-et-bonbons","7":"product_cat-epicerie-sucree","9":"first","10":"instock","11":"taxable","12":"shipping-taxable","13":"purchasable","14":"product-type-simple"},"_links":{"self":[{"href":"https:\/\/superetti.com\/index.php?rest_route=\/wp\/v2\/product\/38813","targetHints":{"allow":["GET"]}}],"collection":[{"href":"https:\/\/superetti.com\/index.php?rest_route=\/wp\/v2\/product"}],"about":[{"href":"https:\/\/superetti.com\/index.php?rest_route=\/wp\/v2\/types\/product"}],"replies":[{"embeddable":true,"href":"https:\/\/superetti.com\/index.php?rest_route=%2Fwp%2Fv2%2Fcomments&post=38813"}],"version-history":[{"count":0,"href":"https:\/\/superetti.com\/index.php?rest_route=\/wp\/v2\/product\/38813\/revisions"}],"wp:featuredmedia":[{"embeddable":true,"href":"https:\/\/superetti.com\/index.php?rest_route=\/wp\/v2\/media\/38812"}],"wp:attachment":[{"href":"https:\/\/superetti.com\/index.php?rest_route=%2Fwp%2Fv2%2Fmedia&parent=38813"}],"wp:term":[{"taxonomy":"product_brand","embeddable":true,"href":"https:\/\/superetti.com\/index.php?rest_route=%2Fwp%2Fv2%2Fproduct_brand&post=38813"},{"taxonomy":"product_cat","embeddable":true,"href":"https:\/\/superetti.com\/index.php?rest_route=%2Fwp%2Fv2%2Fproduct_cat&post=38813"},{"taxonomy":"product_tag","embeddable":true,"href":"https:\/\/superetti.com\/index.php?rest_route=%2Fwp%2Fv2%2Fproduct_tag&post=38813"}],"curies":[{"name":"wp","href":"https:\/\/api.w.org\/{rel}","templated":true}]}}