{"id":46620,"date":"2021-01-24T10:58:42","date_gmt":"2021-01-24T09:58:42","guid":{"rendered":"https:\/\/superetti.com\/?post_type=product&#038;p=46620"},"modified":"2024-09-11T10:16:38","modified_gmt":"2024-09-11T08:16:38","slug":"candia-le-lait-partiellement-ecreme-1l","status":"publish","type":"product","link":"https:\/\/superetti.com\/?product=candia-le-lait-partiellement-ecreme-1l","title":{"rendered":"Candia le lait partiellement \u00e9cr\u00e9m\u00e9 1l"},"content":{"rendered":"<p>Candia le lait partiellement \u00e9cr\u00e9m\u00e9 1l,\u00a0 lait st\u00e9rilis\u00e9 U.H.T<\/p>\n","protected":false},"excerpt":{"rendered":"<p>Candia le lait partiellement \u00e9cr\u00e9m\u00e9 1l,\u00a0 lait st\u00e9rilis\u00e9 U.H.T<\/p>\n","protected":false},"featured_media":60655,"comment_status":"open","ping_status":"closed","template":"","meta":[],"product_brand":[],"product_cat":[320,207],"product_tag":[],"class_list":{"0":"post-46620","1":"product","2":"type-product","3":"status-publish","4":"has-post-thumbnail","6":"product_cat-laits","7":"product_cat-produits-laitiers","9":"first","10":"instock","11":"taxable","12":"shipping-taxable","13":"purchasable","14":"product-type-simple"},"_links":{"self":[{"href":"https:\/\/superetti.com\/index.php?rest_route=\/wp\/v2\/product\/46620","targetHints":{"allow":["GET"]}}],"collection":[{"href":"https:\/\/superetti.com\/index.php?rest_route=\/wp\/v2\/product"}],"about":[{"href":"https:\/\/superetti.com\/index.php?rest_route=\/wp\/v2\/types\/product"}],"replies":[{"embeddable":true,"href":"https:\/\/superetti.com\/index.php?rest_route=%2Fwp%2Fv2%2Fcomments&post=46620"}],"version-history":[{"count":1,"href":"https:\/\/superetti.com\/index.php?rest_route=\/wp\/v2\/product\/46620\/revisions"}],"predecessor-version":[{"id":46624,"href":"https:\/\/superetti.com\/index.php?rest_route=\/wp\/v2\/product\/46620\/revisions\/46624"}],"wp:featuredmedia":[{"embeddable":true,"href":"https:\/\/superetti.com\/index.php?rest_route=\/wp\/v2\/media\/60655"}],"wp:attachment":[{"href":"https:\/\/superetti.com\/index.php?rest_route=%2Fwp%2Fv2%2Fmedia&parent=46620"}],"wp:term":[{"taxonomy":"product_brand","embeddable":true,"href":"https:\/\/superetti.com\/index.php?rest_route=%2Fwp%2Fv2%2Fproduct_brand&post=46620"},{"taxonomy":"product_cat","embeddable":true,"href":"https:\/\/superetti.com\/index.php?rest_route=%2Fwp%2Fv2%2Fproduct_cat&post=46620"},{"taxonomy":"product_tag","embeddable":true,"href":"https:\/\/superetti.com\/index.php?rest_route=%2Fwp%2Fv2%2Fproduct_tag&post=46620"}],"curies":[{"name":"wp","href":"https:\/\/api.w.org\/{rel}","templated":true}]}}