{"id":55987,"date":"2021-03-30T16:09:58","date_gmt":"2021-03-30T14:09:58","guid":{"rendered":"https:\/\/superetti.com\/?post_type=product&#038;p=55987"},"modified":"2023-03-08T14:27:43","modified_gmt":"2023-03-08T13:27:43","slug":"ricamar-premium-thon-a-lhuile-vegetale-sans-conservateur-80gx3","status":"publish","type":"product","link":"https:\/\/superetti.com\/?product=ricamar-premium-thon-a-lhuile-vegetale-sans-conservateur-80gx3","title":{"rendered":"Ricamar Premium Thon \u00e0 L&#8217;huile V\u00e9g\u00e9tale sans conservateur 80gx3"},"content":{"rendered":"","protected":false},"excerpt":{"rendered":"","protected":false},"featured_media":55995,"comment_status":"open","ping_status":"closed","template":"","meta":[],"product_brand":[],"product_cat":[328,210,209],"product_tag":[],"class_list":{"0":"post-55987","1":"product","2":"type-product","3":"status-publish","4":"has-post-thumbnail","6":"product_cat-conserve-et-bocaux","7":"product_cat-conserves","8":"product_cat-epicerie-salee","10":"first","11":"instock","12":"taxable","13":"shipping-taxable","14":"purchasable","15":"product-type-simple"},"_links":{"self":[{"href":"https:\/\/superetti.com\/index.php?rest_route=\/wp\/v2\/product\/55987","targetHints":{"allow":["GET"]}}],"collection":[{"href":"https:\/\/superetti.com\/index.php?rest_route=\/wp\/v2\/product"}],"about":[{"href":"https:\/\/superetti.com\/index.php?rest_route=\/wp\/v2\/types\/product"}],"replies":[{"embeddable":true,"href":"https:\/\/superetti.com\/index.php?rest_route=%2Fwp%2Fv2%2Fcomments&post=55987"}],"version-history":[{"count":2,"href":"https:\/\/superetti.com\/index.php?rest_route=\/wp\/v2\/product\/55987\/revisions"}],"predecessor-version":[{"id":56001,"href":"https:\/\/superetti.com\/index.php?rest_route=\/wp\/v2\/product\/55987\/revisions\/56001"}],"wp:featuredmedia":[{"embeddable":true,"href":"https:\/\/superetti.com\/index.php?rest_route=\/wp\/v2\/media\/55995"}],"wp:attachment":[{"href":"https:\/\/superetti.com\/index.php?rest_route=%2Fwp%2Fv2%2Fmedia&parent=55987"}],"wp:term":[{"taxonomy":"product_brand","embeddable":true,"href":"https:\/\/superetti.com\/index.php?rest_route=%2Fwp%2Fv2%2Fproduct_brand&post=55987"},{"taxonomy":"product_cat","embeddable":true,"href":"https:\/\/superetti.com\/index.php?rest_route=%2Fwp%2Fv2%2Fproduct_cat&post=55987"},{"taxonomy":"product_tag","embeddable":true,"href":"https:\/\/superetti.com\/index.php?rest_route=%2Fwp%2Fv2%2Fproduct_tag&post=55987"}],"curies":[{"name":"wp","href":"https:\/\/api.w.org\/{rel}","templated":true}]}}