{"id":56100,"date":"2021-03-31T17:02:36","date_gmt":"2021-03-31T15:02:36","guid":{"rendered":"https:\/\/superetti.com\/?post_type=product&#038;p=56100"},"modified":"2024-09-18T12:41:10","modified_gmt":"2024-09-18T10:41:10","slug":"ricamar-thon-a-lhuile-vegetale-sans-conservateur","status":"publish","type":"product","link":"https:\/\/superetti.com\/?product=ricamar-thon-a-lhuile-vegetale-sans-conservateur","title":{"rendered":"Ricamar Thon \u00e0 l&#8217;huile v\u00e9g\u00e9tale sans conservateur 400g"},"content":{"rendered":"","protected":false},"excerpt":{"rendered":"","protected":false},"featured_media":56103,"comment_status":"open","ping_status":"closed","template":"","meta":[],"product_brand":[],"product_cat":[328,210,209],"product_tag":[],"class_list":{"0":"post-56100","1":"product","2":"type-product","3":"status-publish","4":"has-post-thumbnail","6":"product_cat-conserve-et-bocaux","7":"product_cat-conserves","8":"product_cat-epicerie-salee","10":"first","11":"instock","12":"taxable","13":"shipping-taxable","14":"purchasable","15":"product-type-simple"},"_links":{"self":[{"href":"https:\/\/superetti.com\/index.php?rest_route=\/wp\/v2\/product\/56100","targetHints":{"allow":["GET"]}}],"collection":[{"href":"https:\/\/superetti.com\/index.php?rest_route=\/wp\/v2\/product"}],"about":[{"href":"https:\/\/superetti.com\/index.php?rest_route=\/wp\/v2\/types\/product"}],"replies":[{"embeddable":true,"href":"https:\/\/superetti.com\/index.php?rest_route=%2Fwp%2Fv2%2Fcomments&post=56100"}],"version-history":[{"count":3,"href":"https:\/\/superetti.com\/index.php?rest_route=\/wp\/v2\/product\/56100\/revisions"}],"predecessor-version":[{"id":56943,"href":"https:\/\/superetti.com\/index.php?rest_route=\/wp\/v2\/product\/56100\/revisions\/56943"}],"wp:featuredmedia":[{"embeddable":true,"href":"https:\/\/superetti.com\/index.php?rest_route=\/wp\/v2\/media\/56103"}],"wp:attachment":[{"href":"https:\/\/superetti.com\/index.php?rest_route=%2Fwp%2Fv2%2Fmedia&parent=56100"}],"wp:term":[{"taxonomy":"product_brand","embeddable":true,"href":"https:\/\/superetti.com\/index.php?rest_route=%2Fwp%2Fv2%2Fproduct_brand&post=56100"},{"taxonomy":"product_cat","embeddable":true,"href":"https:\/\/superetti.com\/index.php?rest_route=%2Fwp%2Fv2%2Fproduct_cat&post=56100"},{"taxonomy":"product_tag","embeddable":true,"href":"https:\/\/superetti.com\/index.php?rest_route=%2Fwp%2Fv2%2Fproduct_tag&post=56100"}],"curies":[{"name":"wp","href":"https:\/\/api.w.org\/{rel}","templated":true}]}}