{"id":68263,"date":"2021-08-16T14:54:16","date_gmt":"2021-08-16T12:54:16","guid":{"rendered":"https:\/\/superetti.com\/?post_type=product&#038;p=68263"},"modified":"2024-12-01T23:41:56","modified_gmt":"2024-12-01T22:41:56","slug":"lingettes-pharmy-desinfectantes-antivirus-et-antibacteriennes-72-pcs","status":"publish","type":"product","link":"https:\/\/superetti.com\/?product=lingettes-pharmy-desinfectantes-antivirus-et-antibacteriennes-72-pcs","title":{"rendered":"Lingettes PHARMY   D\u00e9sinf\u00e9ctantes Antivirus et Antibact\u00e9riennes 72 PCS"},"content":{"rendered":"","protected":false},"excerpt":{"rendered":"","protected":false},"featured_media":68264,"comment_status":"open","ping_status":"closed","template":"","meta":[],"product_brand":[],"product_cat":[208],"product_tag":[],"class_list":{"0":"post-68263","1":"product","2":"type-product","3":"status-publish","4":"has-post-thumbnail","6":"product_cat-hygiene-et-beaute","8":"first","9":"instock","10":"taxable","11":"shipping-taxable","12":"purchasable","13":"product-type-simple"},"_links":{"self":[{"href":"https:\/\/superetti.com\/index.php?rest_route=\/wp\/v2\/product\/68263","targetHints":{"allow":["GET"]}}],"collection":[{"href":"https:\/\/superetti.com\/index.php?rest_route=\/wp\/v2\/product"}],"about":[{"href":"https:\/\/superetti.com\/index.php?rest_route=\/wp\/v2\/types\/product"}],"replies":[{"embeddable":true,"href":"https:\/\/superetti.com\/index.php?rest_route=%2Fwp%2Fv2%2Fcomments&post=68263"}],"version-history":[{"count":1,"href":"https:\/\/superetti.com\/index.php?rest_route=\/wp\/v2\/product\/68263\/revisions"}],"predecessor-version":[{"id":68265,"href":"https:\/\/superetti.com\/index.php?rest_route=\/wp\/v2\/product\/68263\/revisions\/68265"}],"wp:featuredmedia":[{"embeddable":true,"href":"https:\/\/superetti.com\/index.php?rest_route=\/wp\/v2\/media\/68264"}],"wp:attachment":[{"href":"https:\/\/superetti.com\/index.php?rest_route=%2Fwp%2Fv2%2Fmedia&parent=68263"}],"wp:term":[{"taxonomy":"product_brand","embeddable":true,"href":"https:\/\/superetti.com\/index.php?rest_route=%2Fwp%2Fv2%2Fproduct_brand&post=68263"},{"taxonomy":"product_cat","embeddable":true,"href":"https:\/\/superetti.com\/index.php?rest_route=%2Fwp%2Fv2%2Fproduct_cat&post=68263"},{"taxonomy":"product_tag","embeddable":true,"href":"https:\/\/superetti.com\/index.php?rest_route=%2Fwp%2Fv2%2Fproduct_tag&post=68263"}],"curies":[{"name":"wp","href":"https:\/\/api.w.org\/{rel}","templated":true}]}}