{"id":69921,"date":"2021-10-17T15:51:08","date_gmt":"2021-10-17T13:51:08","guid":{"rendered":"https:\/\/superetti.com\/?post_type=product&#038;p=69921"},"modified":"2023-02-27T13:50:37","modified_gmt":"2023-02-27T12:50:37","slug":"ceregal-riz-souffle-250g","status":"publish","type":"product","link":"https:\/\/superetti.com\/?product=ceregal-riz-souffle-250g","title":{"rendered":"c\u00e9r\u00e9gal riz souffl\u00e9 250g"},"content":{"rendered":"","protected":false},"excerpt":{"rendered":"","protected":false},"featured_media":69922,"comment_status":"open","ping_status":"closed","template":"","meta":[],"product_brand":[],"product_cat":[204,338],"product_tag":[],"class_list":{"0":"post-69921","1":"product","2":"type-product","3":"status-publish","4":"has-post-thumbnail","6":"product_cat-epicerie-sucree","7":"product_cat-petit-dejeuner","9":"first","10":"instock","11":"taxable","12":"shipping-taxable","13":"purchasable","14":"product-type-simple"},"_links":{"self":[{"href":"https:\/\/superetti.com\/index.php?rest_route=\/wp\/v2\/product\/69921","targetHints":{"allow":["GET"]}}],"collection":[{"href":"https:\/\/superetti.com\/index.php?rest_route=\/wp\/v2\/product"}],"about":[{"href":"https:\/\/superetti.com\/index.php?rest_route=\/wp\/v2\/types\/product"}],"replies":[{"embeddable":true,"href":"https:\/\/superetti.com\/index.php?rest_route=%2Fwp%2Fv2%2Fcomments&post=69921"}],"version-history":[{"count":2,"href":"https:\/\/superetti.com\/index.php?rest_route=\/wp\/v2\/product\/69921\/revisions"}],"predecessor-version":[{"id":69924,"href":"https:\/\/superetti.com\/index.php?rest_route=\/wp\/v2\/product\/69921\/revisions\/69924"}],"wp:featuredmedia":[{"embeddable":true,"href":"https:\/\/superetti.com\/index.php?rest_route=\/wp\/v2\/media\/69922"}],"wp:attachment":[{"href":"https:\/\/superetti.com\/index.php?rest_route=%2Fwp%2Fv2%2Fmedia&parent=69921"}],"wp:term":[{"taxonomy":"product_brand","embeddable":true,"href":"https:\/\/superetti.com\/index.php?rest_route=%2Fwp%2Fv2%2Fproduct_brand&post=69921"},{"taxonomy":"product_cat","embeddable":true,"href":"https:\/\/superetti.com\/index.php?rest_route=%2Fwp%2Fv2%2Fproduct_cat&post=69921"},{"taxonomy":"product_tag","embeddable":true,"href":"https:\/\/superetti.com\/index.php?rest_route=%2Fwp%2Fv2%2Fproduct_tag&post=69921"}],"curies":[{"name":"wp","href":"https:\/\/api.w.org\/{rel}","templated":true}]}}