{"id":79130,"date":"2023-02-02T13:02:19","date_gmt":"2023-02-02T12:02:19","guid":{"rendered":"https:\/\/superetti.com\/?post_type=product&#038;p=79130"},"modified":"2023-02-02T13:02:19","modified_gmt":"2023-02-02T12:02:19","slug":"ramy-boisson-maltee-gazeifiee-33cl","status":"publish","type":"product","link":"https:\/\/superetti.com\/?product=ramy-boisson-maltee-gazeifiee-33cl","title":{"rendered":"Ramy Boisson Malt\u00e9e Gaz\u00e9ifi\u00e9e 33cl"},"content":{"rendered":"","protected":false},"excerpt":{"rendered":"","protected":false},"featured_media":79131,"comment_status":"open","ping_status":"closed","template":"","meta":[],"product_brand":[],"product_cat":[206],"product_tag":[],"class_list":{"0":"post-79130","1":"product","2":"type-product","3":"status-publish","4":"has-post-thumbnail","6":"product_cat-boissons","8":"first","9":"instock","10":"taxable","11":"shipping-taxable","12":"purchasable","13":"product-type-simple"},"_links":{"self":[{"href":"https:\/\/superetti.com\/index.php?rest_route=\/wp\/v2\/product\/79130","targetHints":{"allow":["GET"]}}],"collection":[{"href":"https:\/\/superetti.com\/index.php?rest_route=\/wp\/v2\/product"}],"about":[{"href":"https:\/\/superetti.com\/index.php?rest_route=\/wp\/v2\/types\/product"}],"replies":[{"embeddable":true,"href":"https:\/\/superetti.com\/index.php?rest_route=%2Fwp%2Fv2%2Fcomments&post=79130"}],"version-history":[{"count":1,"href":"https:\/\/superetti.com\/index.php?rest_route=\/wp\/v2\/product\/79130\/revisions"}],"predecessor-version":[{"id":79132,"href":"https:\/\/superetti.com\/index.php?rest_route=\/wp\/v2\/product\/79130\/revisions\/79132"}],"wp:featuredmedia":[{"embeddable":true,"href":"https:\/\/superetti.com\/index.php?rest_route=\/wp\/v2\/media\/79131"}],"wp:attachment":[{"href":"https:\/\/superetti.com\/index.php?rest_route=%2Fwp%2Fv2%2Fmedia&parent=79130"}],"wp:term":[{"taxonomy":"product_brand","embeddable":true,"href":"https:\/\/superetti.com\/index.php?rest_route=%2Fwp%2Fv2%2Fproduct_brand&post=79130"},{"taxonomy":"product_cat","embeddable":true,"href":"https:\/\/superetti.com\/index.php?rest_route=%2Fwp%2Fv2%2Fproduct_cat&post=79130"},{"taxonomy":"product_tag","embeddable":true,"href":"https:\/\/superetti.com\/index.php?rest_route=%2Fwp%2Fv2%2Fproduct_tag&post=79130"}],"curies":[{"name":"wp","href":"https:\/\/api.w.org\/{rel}","templated":true}]}}