{"id":79151,"date":"2023-02-04T09:11:00","date_gmt":"2023-02-04T08:11:00","guid":{"rendered":"https:\/\/superetti.com\/?post_type=product&#038;p=79151"},"modified":"2025-01-25T19:45:05","modified_gmt":"2025-01-25T18:45:05","slug":"cevital-fleurial-margarine-vegetale-500-g-sans-huiles-hydrogenees","status":"publish","type":"product","link":"https:\/\/superetti.com\/?product=cevital-fleurial-margarine-vegetale-500-g-sans-huiles-hydrogenees","title":{"rendered":"Cevital Fleurial Margarine v\u00e9g\u00e9tale 500 g sans huiles Hydrog\u00e9n\u00e9es"},"content":{"rendered":"","protected":false},"excerpt":{"rendered":"","protected":false},"featured_media":79152,"comment_status":"open","ping_status":"closed","template":"","meta":[],"product_brand":[],"product_cat":[317,207],"product_tag":[],"class_list":{"0":"post-79151","1":"product","2":"type-product","3":"status-publish","4":"has-post-thumbnail","6":"product_cat-fromages-et-derives","7":"product_cat-produits-laitiers","9":"first","10":"instock","11":"taxable","12":"shipping-taxable","13":"purchasable","14":"product-type-simple"},"_links":{"self":[{"href":"https:\/\/superetti.com\/index.php?rest_route=\/wp\/v2\/product\/79151","targetHints":{"allow":["GET"]}}],"collection":[{"href":"https:\/\/superetti.com\/index.php?rest_route=\/wp\/v2\/product"}],"about":[{"href":"https:\/\/superetti.com\/index.php?rest_route=\/wp\/v2\/types\/product"}],"replies":[{"embeddable":true,"href":"https:\/\/superetti.com\/index.php?rest_route=%2Fwp%2Fv2%2Fcomments&post=79151"}],"version-history":[{"count":1,"href":"https:\/\/superetti.com\/index.php?rest_route=\/wp\/v2\/product\/79151\/revisions"}],"predecessor-version":[{"id":79153,"href":"https:\/\/superetti.com\/index.php?rest_route=\/wp\/v2\/product\/79151\/revisions\/79153"}],"wp:featuredmedia":[{"embeddable":true,"href":"https:\/\/superetti.com\/index.php?rest_route=\/wp\/v2\/media\/79152"}],"wp:attachment":[{"href":"https:\/\/superetti.com\/index.php?rest_route=%2Fwp%2Fv2%2Fmedia&parent=79151"}],"wp:term":[{"taxonomy":"product_brand","embeddable":true,"href":"https:\/\/superetti.com\/index.php?rest_route=%2Fwp%2Fv2%2Fproduct_brand&post=79151"},{"taxonomy":"product_cat","embeddable":true,"href":"https:\/\/superetti.com\/index.php?rest_route=%2Fwp%2Fv2%2Fproduct_cat&post=79151"},{"taxonomy":"product_tag","embeddable":true,"href":"https:\/\/superetti.com\/index.php?rest_route=%2Fwp%2Fv2%2Fproduct_tag&post=79151"}],"curies":[{"name":"wp","href":"https:\/\/api.w.org\/{rel}","templated":true}]}}