{"id":79645,"date":"2023-02-09T12:22:31","date_gmt":"2023-02-09T11:22:31","guid":{"rendered":"https:\/\/superetti.com\/?post_type=product&#038;p=79645"},"modified":"2023-02-09T12:22:31","modified_gmt":"2023-02-09T11:22:31","slug":"cevital-fleurial-margarine-vegetale-250g-sans-huiles-hydrogenees","status":"publish","type":"product","link":"https:\/\/superetti.com\/?product=cevital-fleurial-margarine-vegetale-250g-sans-huiles-hydrogenees","title":{"rendered":"Cevital Fleurial Margarine V\u00e9g\u00e9tale 250g Sans Huiles Hydrog\u00e9n\u00e9es"},"content":{"rendered":"","protected":false},"excerpt":{"rendered":"","protected":false},"featured_media":79646,"comment_status":"open","ping_status":"closed","template":"","meta":[],"product_brand":[],"product_cat":[317,207],"product_tag":[],"class_list":{"0":"post-79645","1":"product","2":"type-product","3":"status-publish","4":"has-post-thumbnail","6":"product_cat-fromages-et-derives","7":"product_cat-produits-laitiers","9":"first","10":"instock","11":"taxable","12":"shipping-taxable","13":"purchasable","14":"product-type-simple"},"_links":{"self":[{"href":"https:\/\/superetti.com\/index.php?rest_route=\/wp\/v2\/product\/79645","targetHints":{"allow":["GET"]}}],"collection":[{"href":"https:\/\/superetti.com\/index.php?rest_route=\/wp\/v2\/product"}],"about":[{"href":"https:\/\/superetti.com\/index.php?rest_route=\/wp\/v2\/types\/product"}],"replies":[{"embeddable":true,"href":"https:\/\/superetti.com\/index.php?rest_route=%2Fwp%2Fv2%2Fcomments&post=79645"}],"version-history":[{"count":1,"href":"https:\/\/superetti.com\/index.php?rest_route=\/wp\/v2\/product\/79645\/revisions"}],"predecessor-version":[{"id":79647,"href":"https:\/\/superetti.com\/index.php?rest_route=\/wp\/v2\/product\/79645\/revisions\/79647"}],"wp:featuredmedia":[{"embeddable":true,"href":"https:\/\/superetti.com\/index.php?rest_route=\/wp\/v2\/media\/79646"}],"wp:attachment":[{"href":"https:\/\/superetti.com\/index.php?rest_route=%2Fwp%2Fv2%2Fmedia&parent=79645"}],"wp:term":[{"taxonomy":"product_brand","embeddable":true,"href":"https:\/\/superetti.com\/index.php?rest_route=%2Fwp%2Fv2%2Fproduct_brand&post=79645"},{"taxonomy":"product_cat","embeddable":true,"href":"https:\/\/superetti.com\/index.php?rest_route=%2Fwp%2Fv2%2Fproduct_cat&post=79645"},{"taxonomy":"product_tag","embeddable":true,"href":"https:\/\/superetti.com\/index.php?rest_route=%2Fwp%2Fv2%2Fproduct_tag&post=79645"}],"curies":[{"name":"wp","href":"https:\/\/api.w.org\/{rel}","templated":true}]}}