{"id":86601,"date":"2024-10-13T10:22:12","date_gmt":"2024-10-13T08:22:12","guid":{"rendered":"https:\/\/superetti.com\/?post_type=product&#038;p=86601"},"modified":"2024-10-13T10:22:14","modified_gmt":"2024-10-13T08:22:14","slug":"nestle-lait-concentre-sucre-1kg","status":"publish","type":"product","link":"https:\/\/superetti.com\/?product=nestle-lait-concentre-sucre-1kg","title":{"rendered":"Nestl\u00e9 lait concentr\u00e9 sucr\u00e9  1kg"},"content":{"rendered":"","protected":false},"excerpt":{"rendered":"","protected":false},"featured_media":86602,"comment_status":"open","ping_status":"closed","template":"","meta":[],"product_brand":[],"product_cat":[204],"product_tag":[],"class_list":{"0":"post-86601","1":"product","2":"type-product","3":"status-publish","4":"has-post-thumbnail","6":"product_cat-epicerie-sucree","8":"first","9":"instock","10":"taxable","11":"shipping-taxable","12":"purchasable","13":"product-type-simple"},"_links":{"self":[{"href":"https:\/\/superetti.com\/index.php?rest_route=\/wp\/v2\/product\/86601","targetHints":{"allow":["GET"]}}],"collection":[{"href":"https:\/\/superetti.com\/index.php?rest_route=\/wp\/v2\/product"}],"about":[{"href":"https:\/\/superetti.com\/index.php?rest_route=\/wp\/v2\/types\/product"}],"replies":[{"embeddable":true,"href":"https:\/\/superetti.com\/index.php?rest_route=%2Fwp%2Fv2%2Fcomments&post=86601"}],"version-history":[{"count":1,"href":"https:\/\/superetti.com\/index.php?rest_route=\/wp\/v2\/product\/86601\/revisions"}],"predecessor-version":[{"id":86604,"href":"https:\/\/superetti.com\/index.php?rest_route=\/wp\/v2\/product\/86601\/revisions\/86604"}],"wp:featuredmedia":[{"embeddable":true,"href":"https:\/\/superetti.com\/index.php?rest_route=\/wp\/v2\/media\/86602"}],"wp:attachment":[{"href":"https:\/\/superetti.com\/index.php?rest_route=%2Fwp%2Fv2%2Fmedia&parent=86601"}],"wp:term":[{"taxonomy":"product_brand","embeddable":true,"href":"https:\/\/superetti.com\/index.php?rest_route=%2Fwp%2Fv2%2Fproduct_brand&post=86601"},{"taxonomy":"product_cat","embeddable":true,"href":"https:\/\/superetti.com\/index.php?rest_route=%2Fwp%2Fv2%2Fproduct_cat&post=86601"},{"taxonomy":"product_tag","embeddable":true,"href":"https:\/\/superetti.com\/index.php?rest_route=%2Fwp%2Fv2%2Fproduct_tag&post=86601"}],"curies":[{"name":"wp","href":"https:\/\/api.w.org\/{rel}","templated":true}]}}